{"id":2686,"date":"2021-12-21T02:19:53","date_gmt":"2021-12-21T02:19:53","guid":{"rendered":"http:\/\/galeria17.org\/?page_id=2686"},"modified":"2022-03-24T15:22:27","modified_gmt":"2022-03-24T15:22:27","slug":"galeria-dhe-ish-punetoria-e-automekanikut","status":"publish","type":"page","link":"https:\/\/galeria17.org\/en\/galeria-17\/galeria-dhe-ish-punetoria-e-automekanikut\/","title":{"rendered":"The gallery and\u00a0 the former auto mechanic"},"content":{"rendered":"\n<p>In 1980, Nevzat Karabeg, who made a great contribution to the world of Motorsport, opened&nbsp; his workshop in Henrik Baric street in Prishtina. Born in 1950 in Prishtina, at the age of 12 he started working next to a car. He continued his career as a car mechanic in&nbsp; well known companies in the time of the former Yugoslavia&nbsp; such as Automotive and Compass Hertz Rent a Car, participating in numerous races in the field of Motorsport. He was part of the team in European and World Championships, where some of the races were those of Hertz Rally in Slovenia, Rally Monte Carlo, Catalunya etc. He has traveled and participated in competitions in Portugal, Spain, Denmark, Finland, Czech Republic, Poland, Turkey, Morocco, and other countries. In Prishtina he was and continues to be known as one of the most famous car mechanics, not only for fast racing cars, but also cars in general. In his workshop in Prishtina he continued to contribute until 2018. Today, he still continues to give his contribution in this field, in every competition organized by FASK Kosovo.<\/p>\n\n\n\n<p>Old doors, tiles and other details dating back 50 years are still preserved today as a relic of the past, now in the space turned into an art gallery. Shtat\u00ebmb\u00ebdhjet\u00eb on November 16, 2021 opened Galeria 17, as a space for education, activism and artistic experimentation. A gallery for the neighborhood, the city and entire artistic community.<\/p>\n\n\n\n<figure class=\"wp-block-gallery has-nested-images columns-3 is-cropped wp-block-gallery-1 is-layout-flex wp-block-gallery-is-layout-flex\">\n<figure class=\"wp-block-image size-large\"><img loading=\"lazy\" decoding=\"async\" width=\"390\" height=\"260\" data-id=\"2935\" src=\"https:\/\/galeria17.org\/wp-content\/uploads\/2022\/03\/IMG_7421-1.jpg\" alt=\"\" class=\"wp-image-2935\" srcset=\"https:\/\/galeria17.org\/wp-content\/uploads\/2022\/03\/IMG_7421-1.jpg 390w, https:\/\/galeria17.org\/wp-content\/uploads\/2022\/03\/IMG_7421-1-300x200.jpg 300w, https:\/\/galeria17.org\/wp-content\/uploads\/2022\/03\/IMG_7421-1-200x133.jpg 200w, https:\/\/galeria17.org\/wp-content\/uploads\/2022\/03\/IMG_7421-1-380x253.jpg 380w\" sizes=\"auto, (max-width: 390px) 100vw, 390px\" \/><\/figure>\n\n\n\n<figure class=\"wp-block-image size-large\"><img loading=\"lazy\" decoding=\"async\" width=\"390\" height=\"260\" data-id=\"2933\" src=\"https:\/\/galeria17.org\/wp-content\/uploads\/2022\/03\/IMG_7427-2.jpg\" alt=\"\" class=\"wp-image-2933\" srcset=\"https:\/\/galeria17.org\/wp-content\/uploads\/2022\/03\/IMG_7427-2.jpg 390w, https:\/\/galeria17.org\/wp-content\/uploads\/2022\/03\/IMG_7427-2-300x200.jpg 300w, https:\/\/galeria17.org\/wp-content\/uploads\/2022\/03\/IMG_7427-2-200x133.jpg 200w, https:\/\/galeria17.org\/wp-content\/uploads\/2022\/03\/IMG_7427-2-380x253.jpg 380w\" sizes=\"auto, (max-width: 390px) 100vw, 390px\" \/><\/figure>\n\n\n\n<figure class=\"wp-block-image size-large\"><img loading=\"lazy\" decoding=\"async\" width=\"390\" height=\"260\" data-id=\"2846\" src=\"https:\/\/galeria17.org\/wp-content\/uploads\/2022\/03\/IMG_7486-1.jpg\" alt=\"\" class=\"wp-image-2846\" srcset=\"https:\/\/galeria17.org\/wp-content\/uploads\/2022\/03\/IMG_7486-1.jpg 390w, https:\/\/galeria17.org\/wp-content\/uploads\/2022\/03\/IMG_7486-1-300x200.jpg 300w, https:\/\/galeria17.org\/wp-content\/uploads\/2022\/03\/IMG_7486-1-200x133.jpg 200w, https:\/\/galeria17.org\/wp-content\/uploads\/2022\/03\/IMG_7486-1-380x253.jpg 380w\" sizes=\"auto, (max-width: 390px) 100vw, 390px\" \/><\/figure>\n\n\n\n<figure class=\"wp-block-image size-large\"><img loading=\"lazy\" decoding=\"async\" width=\"2560\" height=\"1707\" data-id=\"2813\" src=\"https:\/\/galeria17.org\/wp-content\/uploads\/2022\/03\/IMG_7395-scaled.jpg\" alt=\"\" class=\"wp-image-2813\" srcset=\"https:\/\/galeria17.org\/wp-content\/uploads\/2022\/03\/IMG_7395-scaled.jpg 2560w, https:\/\/galeria17.org\/wp-content\/uploads\/2022\/03\/IMG_7395-300x200.jpg 300w, https:\/\/galeria17.org\/wp-content\/uploads\/2022\/03\/IMG_7395-1024x683.jpg 1024w, https:\/\/galeria17.org\/wp-content\/uploads\/2022\/03\/IMG_7395-768x512.jpg 768w, https:\/\/galeria17.org\/wp-content\/uploads\/2022\/03\/IMG_7395-1536x1024.jpg 1536w, https:\/\/galeria17.org\/wp-content\/uploads\/2022\/03\/IMG_7395-2048x1365.jpg 2048w, https:\/\/galeria17.org\/wp-content\/uploads\/2022\/03\/IMG_7395-200x133.jpg 200w, https:\/\/galeria17.org\/wp-content\/uploads\/2022\/03\/IMG_7395-380x253.jpg 380w, https:\/\/galeria17.org\/wp-content\/uploads\/2022\/03\/IMG_7395-580x387.jpg 580w, https:\/\/galeria17.org\/wp-content\/uploads\/2022\/03\/IMG_7395-1160x773.jpg 1160w\" sizes=\"auto, (max-width: 2560px) 100vw, 2560px\" \/><\/figure>\n\n\n\n<figure class=\"wp-block-image size-large\"><img loading=\"lazy\" decoding=\"async\" width=\"2560\" height=\"1707\" data-id=\"2810\" src=\"https:\/\/galeria17.org\/wp-content\/uploads\/2022\/03\/IMG_7386-scaled.jpg\" alt=\"\" class=\"wp-image-2810\" srcset=\"https:\/\/galeria17.org\/wp-content\/uploads\/2022\/03\/IMG_7386-scaled.jpg 2560w, https:\/\/galeria17.org\/wp-content\/uploads\/2022\/03\/IMG_7386-300x200.jpg 300w, https:\/\/galeria17.org\/wp-content\/uploads\/2022\/03\/IMG_7386-1024x683.jpg 1024w, https:\/\/galeria17.org\/wp-content\/uploads\/2022\/03\/IMG_7386-768x512.jpg 768w, https:\/\/galeria17.org\/wp-content\/uploads\/2022\/03\/IMG_7386-1536x1024.jpg 1536w, https:\/\/galeria17.org\/wp-content\/uploads\/2022\/03\/IMG_7386-2048x1365.jpg 2048w, https:\/\/galeria17.org\/wp-content\/uploads\/2022\/03\/IMG_7386-200x133.jpg 200w, https:\/\/galeria17.org\/wp-content\/uploads\/2022\/03\/IMG_7386-380x253.jpg 380w, https:\/\/galeria17.org\/wp-content\/uploads\/2022\/03\/IMG_7386-580x387.jpg 580w, https:\/\/galeria17.org\/wp-content\/uploads\/2022\/03\/IMG_7386-1160x773.jpg 1160w\" sizes=\"auto, (max-width: 2560px) 100vw, 2560px\" \/><\/figure>\n<\/figure>\n\n\n\n<p>&#8230;<\/p>\n","protected":false},"excerpt":{"rendered":"In 1980, Nevzat Karabeg, who made a great contribution to the world of Motorsport, opened&nbsp; his workshop in&hellip;\n","protected":false},"author":1,"featured_media":0,"parent":2682,"menu_order":2,"comment_status":"closed","ping_status":"closed","template":"page-leftnav-default.php","meta":{"wpupg_custom_link":[],"wpupg_custom_link_behaviour":[],"wpupg_custom_link_nofollow":[],"wpupg_custom_image":[],"wpupg_custom_image_id":[],"csco_display_header_overlay":false,"csco_page_header_type":"","csco_page_load_nextpost":"","csco_post_video_location":[],"csco_post_video_location_hash":"","csco_post_video_url":"","csco_post_video_bg_start_time":0,"csco_post_video_bg_end_time":0,"footnotes":""},"class_list":["post-2686","page","type-page","status-publish","cs-entry","cs-video-wrap"],"yoast_head":"<!-- This site is optimized with the Yoast SEO plugin v27.2 - https:\/\/yoast.com\/product\/yoast-seo-wordpress\/ -->\n<title>The gallery and\u00a0 the former auto mechanic - galeria17<\/title>\n<meta name=\"robots\" content=\"index, follow, max-snippet:-1, max-image-preview:large, max-video-preview:-1\" \/>\n<link rel=\"canonical\" href=\"https:\/\/galeria17.org\/en\/galeria-17\/galeria-dhe-ish-punetoria-e-automekanikut\/\" \/>\n<meta property=\"og:locale\" content=\"en_US\" \/>\n<meta property=\"og:type\" content=\"article\" \/>\n<meta property=\"og:title\" content=\"The gallery and\u00a0 the former auto mechanic - galeria17\" \/>\n<meta property=\"og:description\" content=\"In 1980, Nevzat Karabeg, who made a great contribution to the world of Motorsport, opened&nbsp; his workshop in&hellip;\" \/>\n<meta property=\"og:url\" content=\"https:\/\/galeria17.org\/en\/galeria-17\/galeria-dhe-ish-punetoria-e-automekanikut\/\" \/>\n<meta property=\"og:site_name\" content=\"galeria17\" \/>\n<meta property=\"article:modified_time\" content=\"2022-03-24T15:22:27+00:00\" \/>\n<meta property=\"og:image\" content=\"https:\/\/galeria17.org\/wp-content\/uploads\/2022\/03\/IMG_7421-1.jpg\" \/>\n<meta name=\"twitter:card\" content=\"summary_large_image\" \/>\n<meta name=\"twitter:label1\" content=\"Est. reading time\" \/>\n\t<meta name=\"twitter:data1\" content=\"3 minutes\" \/>\n<script type=\"application\/ld+json\" class=\"yoast-schema-graph\">{\"@context\":\"https:\/\/schema.org\",\"@graph\":[{\"@type\":\"WebPage\",\"@id\":\"https:\/\/galeria17.org\/en\/galeria-17\/galeria-dhe-ish-punetoria-e-automekanikut\/\",\"url\":\"https:\/\/galeria17.org\/en\/galeria-17\/galeria-dhe-ish-punetoria-e-automekanikut\/\",\"name\":\"The gallery and\u00a0 the former auto mechanic - galeria17\",\"isPartOf\":{\"@id\":\"https:\/\/galeria17.org\/#website\"},\"primaryImageOfPage\":{\"@id\":\"https:\/\/galeria17.org\/en\/galeria-17\/galeria-dhe-ish-punetoria-e-automekanikut\/#primaryimage\"},\"image\":{\"@id\":\"https:\/\/galeria17.org\/en\/galeria-17\/galeria-dhe-ish-punetoria-e-automekanikut\/#primaryimage\"},\"thumbnailUrl\":\"https:\/\/galeria17.org\/wp-content\/uploads\/2022\/03\/IMG_7421-1.jpg\",\"datePublished\":\"2021-12-21T02:19:53+00:00\",\"dateModified\":\"2022-03-24T15:22:27+00:00\",\"breadcrumb\":{\"@id\":\"https:\/\/galeria17.org\/en\/galeria-17\/galeria-dhe-ish-punetoria-e-automekanikut\/#breadcrumb\"},\"inLanguage\":\"en-US\",\"potentialAction\":[{\"@type\":\"ReadAction\",\"target\":[\"https:\/\/galeria17.org\/en\/galeria-17\/galeria-dhe-ish-punetoria-e-automekanikut\/\"]}]},{\"@type\":\"ImageObject\",\"inLanguage\":\"en-US\",\"@id\":\"https:\/\/galeria17.org\/en\/galeria-17\/galeria-dhe-ish-punetoria-e-automekanikut\/#primaryimage\",\"url\":\"https:\/\/galeria17.org\/wp-content\/uploads\/2022\/03\/IMG_7421-1.jpg\",\"contentUrl\":\"https:\/\/galeria17.org\/wp-content\/uploads\/2022\/03\/IMG_7421-1.jpg\"},{\"@type\":\"BreadcrumbList\",\"@id\":\"https:\/\/galeria17.org\/en\/galeria-17\/galeria-dhe-ish-punetoria-e-automekanikut\/#breadcrumb\",\"itemListElement\":[{\"@type\":\"ListItem\",\"position\":1,\"name\":\"Home\",\"item\":\"https:\/\/galeria17.org\/en\/\"},{\"@type\":\"ListItem\",\"position\":2,\"name\":\"Galeria 17\",\"item\":\"https:\/\/galeria17.org\/en\/\"},{\"@type\":\"ListItem\",\"position\":3,\"name\":\"The gallery and\u00a0 the former auto mechanic\"}]},{\"@type\":\"WebSite\",\"@id\":\"https:\/\/galeria17.org\/#website\",\"url\":\"https:\/\/galeria17.org\/\",\"name\":\"galeria17\",\"description\":\"asergsdhr sfth\",\"publisher\":{\"@id\":\"https:\/\/galeria17.org\/#organization\"},\"potentialAction\":[{\"@type\":\"SearchAction\",\"target\":{\"@type\":\"EntryPoint\",\"urlTemplate\":\"https:\/\/galeria17.org\/?s={search_term_string}\"},\"query-input\":{\"@type\":\"PropertyValueSpecification\",\"valueRequired\":true,\"valueName\":\"search_term_string\"}}],\"inLanguage\":\"en-US\"},{\"@type\":\"Organization\",\"@id\":\"https:\/\/galeria17.org\/#organization\",\"name\":\"galeria17\",\"url\":\"https:\/\/galeria17.org\/\",\"logo\":{\"@type\":\"ImageObject\",\"inLanguage\":\"en-US\",\"@id\":\"https:\/\/galeria17.org\/#\/schema\/logo\/image\/\",\"url\":\"https:\/\/galeria17.org\/wp-content\/uploads\/2022\/03\/257587484_116530374169255_2364083691283832243_n-1.jpg\",\"contentUrl\":\"https:\/\/galeria17.org\/wp-content\/uploads\/2022\/03\/257587484_116530374169255_2364083691283832243_n-1.jpg\",\"width\":856,\"height\":571,\"caption\":\"galeria17\"},\"image\":{\"@id\":\"https:\/\/galeria17.org\/#\/schema\/logo\/image\/\"}}]}<\/script>\n<!-- \/ Yoast SEO plugin. -->","yoast_head_json":{"title":"The gallery and\u00a0 the former auto mechanic - galeria17","robots":{"index":"index","follow":"follow","max-snippet":"max-snippet:-1","max-image-preview":"max-image-preview:large","max-video-preview":"max-video-preview:-1"},"canonical":"https:\/\/galeria17.org\/en\/galeria-17\/galeria-dhe-ish-punetoria-e-automekanikut\/","og_locale":"en_US","og_type":"article","og_title":"The gallery and\u00a0 the former auto mechanic - galeria17","og_description":"In 1980, Nevzat Karabeg, who made a great contribution to the world of Motorsport, opened&nbsp; his workshop in&hellip;","og_url":"https:\/\/galeria17.org\/en\/galeria-17\/galeria-dhe-ish-punetoria-e-automekanikut\/","og_site_name":"galeria17","article_modified_time":"2022-03-24T15:22:27+00:00","og_image":[{"url":"https:\/\/galeria17.org\/wp-content\/uploads\/2022\/03\/IMG_7421-1.jpg","type":"","width":"","height":""}],"twitter_card":"summary_large_image","twitter_misc":{"Est. reading time":"3 minutes"},"schema":{"@context":"https:\/\/schema.org","@graph":[{"@type":"WebPage","@id":"https:\/\/galeria17.org\/en\/galeria-17\/galeria-dhe-ish-punetoria-e-automekanikut\/","url":"https:\/\/galeria17.org\/en\/galeria-17\/galeria-dhe-ish-punetoria-e-automekanikut\/","name":"The gallery and\u00a0 the former auto mechanic - galeria17","isPartOf":{"@id":"https:\/\/galeria17.org\/#website"},"primaryImageOfPage":{"@id":"https:\/\/galeria17.org\/en\/galeria-17\/galeria-dhe-ish-punetoria-e-automekanikut\/#primaryimage"},"image":{"@id":"https:\/\/galeria17.org\/en\/galeria-17\/galeria-dhe-ish-punetoria-e-automekanikut\/#primaryimage"},"thumbnailUrl":"https:\/\/galeria17.org\/wp-content\/uploads\/2022\/03\/IMG_7421-1.jpg","datePublished":"2021-12-21T02:19:53+00:00","dateModified":"2022-03-24T15:22:27+00:00","breadcrumb":{"@id":"https:\/\/galeria17.org\/en\/galeria-17\/galeria-dhe-ish-punetoria-e-automekanikut\/#breadcrumb"},"inLanguage":"en-US","potentialAction":[{"@type":"ReadAction","target":["https:\/\/galeria17.org\/en\/galeria-17\/galeria-dhe-ish-punetoria-e-automekanikut\/"]}]},{"@type":"ImageObject","inLanguage":"en-US","@id":"https:\/\/galeria17.org\/en\/galeria-17\/galeria-dhe-ish-punetoria-e-automekanikut\/#primaryimage","url":"https:\/\/galeria17.org\/wp-content\/uploads\/2022\/03\/IMG_7421-1.jpg","contentUrl":"https:\/\/galeria17.org\/wp-content\/uploads\/2022\/03\/IMG_7421-1.jpg"},{"@type":"BreadcrumbList","@id":"https:\/\/galeria17.org\/en\/galeria-17\/galeria-dhe-ish-punetoria-e-automekanikut\/#breadcrumb","itemListElement":[{"@type":"ListItem","position":1,"name":"Home","item":"https:\/\/galeria17.org\/en\/"},{"@type":"ListItem","position":2,"name":"Galeria 17","item":"https:\/\/galeria17.org\/en\/"},{"@type":"ListItem","position":3,"name":"The gallery and\u00a0 the former auto mechanic"}]},{"@type":"WebSite","@id":"https:\/\/galeria17.org\/#website","url":"https:\/\/galeria17.org\/","name":"galeria17","description":"asergsdhr sfth","publisher":{"@id":"https:\/\/galeria17.org\/#organization"},"potentialAction":[{"@type":"SearchAction","target":{"@type":"EntryPoint","urlTemplate":"https:\/\/galeria17.org\/?s={search_term_string}"},"query-input":{"@type":"PropertyValueSpecification","valueRequired":true,"valueName":"search_term_string"}}],"inLanguage":"en-US"},{"@type":"Organization","@id":"https:\/\/galeria17.org\/#organization","name":"galeria17","url":"https:\/\/galeria17.org\/","logo":{"@type":"ImageObject","inLanguage":"en-US","@id":"https:\/\/galeria17.org\/#\/schema\/logo\/image\/","url":"https:\/\/galeria17.org\/wp-content\/uploads\/2022\/03\/257587484_116530374169255_2364083691283832243_n-1.jpg","contentUrl":"https:\/\/galeria17.org\/wp-content\/uploads\/2022\/03\/257587484_116530374169255_2364083691283832243_n-1.jpg","width":856,"height":571,"caption":"galeria17"},"image":{"@id":"https:\/\/galeria17.org\/#\/schema\/logo\/image\/"}}]}},"_links":{"self":[{"href":"https:\/\/galeria17.org\/en\/wp-json\/wp\/v2\/pages\/2686","targetHints":{"allow":["GET"]}}],"collection":[{"href":"https:\/\/galeria17.org\/en\/wp-json\/wp\/v2\/pages"}],"about":[{"href":"https:\/\/galeria17.org\/en\/wp-json\/wp\/v2\/types\/page"}],"author":[{"embeddable":true,"href":"https:\/\/galeria17.org\/en\/wp-json\/wp\/v2\/users\/1"}],"replies":[{"embeddable":true,"href":"https:\/\/galeria17.org\/en\/wp-json\/wp\/v2\/comments?post=2686"}],"version-history":[{"count":4,"href":"https:\/\/galeria17.org\/en\/wp-json\/wp\/v2\/pages\/2686\/revisions"}],"predecessor-version":[{"id":3096,"href":"https:\/\/galeria17.org\/en\/wp-json\/wp\/v2\/pages\/2686\/revisions\/3096"}],"up":[{"embeddable":true,"href":"https:\/\/galeria17.org\/en\/wp-json\/wp\/v2\/pages\/2682"}],"wp:attachment":[{"href":"https:\/\/galeria17.org\/en\/wp-json\/wp\/v2\/media?parent=2686"}],"curies":[{"name":"wp","href":"https:\/\/api.w.org\/{rel}","templated":true}]}}