{"id":2690,"date":"2021-12-21T02:21:27","date_gmt":"2021-12-21T02:21:27","guid":{"rendered":"http:\/\/galeria17.org\/?page_id=2690"},"modified":"2022-04-04T13:58:24","modified_gmt":"2022-04-04T13:58:24","slug":"galeria-arti-dhe-komuniteti","status":"publish","type":"page","link":"https:\/\/galeria17.org\/en\/galeria-17\/galeria-arti-dhe-komuniteti\/","title":{"rendered":"Gallery, Art and Community"},"content":{"rendered":"\n<p><\/p>\n\n\n\n<p>Shtat\u00ebmb\u00ebdhjet\u00eb to bring its gallery and mission to life, launched the fundraising campaign through KosovaIdeas. Thanks to the contribution of 192 supporters and many others, engaged in the background, the goal of the campaign was achieved. This initiative was joined by local artists, who organized an art sale, where a part of their sale was allocated to support Galeria 17. Such mobilization and support are reminder for the work that Shtat\u00ebmb\u00ebdhjet\u00eb does and what Galeria 17 will bring to the entire artistic community and beyond. Such support raises the voice once again in\u00a0 the importance of independent and inclusive institutions, which provide quality structures in service of the missing and much needed infrastructure for our context.<\/p>\n\n\n\n<p><\/p>\n\n\n\n<figure class=\"wp-block-gallery has-nested-images columns-default is-cropped wp-block-gallery-1 is-layout-flex wp-block-gallery-is-layout-flex\">\n<figure class=\"wp-block-image size-large\"><img loading=\"lazy\" decoding=\"async\" width=\"375\" height=\"250\" data-id=\"2973\" src=\"https:\/\/galeria17.org\/wp-content\/uploads\/2022\/03\/IMG_6439.jpg\" alt=\"\" class=\"wp-image-2973\" srcset=\"https:\/\/galeria17.org\/wp-content\/uploads\/2022\/03\/IMG_6439.jpg 375w, https:\/\/galeria17.org\/wp-content\/uploads\/2022\/03\/IMG_6439-300x200.jpg 300w, https:\/\/galeria17.org\/wp-content\/uploads\/2022\/03\/IMG_6439-200x133.jpg 200w\" sizes=\"auto, (max-width: 375px) 100vw, 375px\" \/><\/figure>\n\n\n\n<figure class=\"wp-block-image size-large\"><img loading=\"lazy\" decoding=\"async\" width=\"390\" height=\"260\" data-id=\"2975\" src=\"https:\/\/galeria17.org\/wp-content\/uploads\/2022\/03\/IMG_9072.jpg\" alt=\"\" class=\"wp-image-2975\" srcset=\"https:\/\/galeria17.org\/wp-content\/uploads\/2022\/03\/IMG_9072.jpg 390w, https:\/\/galeria17.org\/wp-content\/uploads\/2022\/03\/IMG_9072-300x200.jpg 300w, https:\/\/galeria17.org\/wp-content\/uploads\/2022\/03\/IMG_9072-200x133.jpg 200w, https:\/\/galeria17.org\/wp-content\/uploads\/2022\/03\/IMG_9072-380x253.jpg 380w\" sizes=\"auto, (max-width: 390px) 100vw, 390px\" \/><\/figure>\n\n\n\n<figure class=\"wp-block-image size-large\"><img loading=\"lazy\" decoding=\"async\" width=\"359\" height=\"244\" data-id=\"2984\" src=\"https:\/\/galeria17.org\/wp-content\/uploads\/2022\/03\/IMG_8848.jpg\" alt=\"\" class=\"wp-image-2984\" srcset=\"https:\/\/galeria17.org\/wp-content\/uploads\/2022\/03\/IMG_8848.jpg 359w, https:\/\/galeria17.org\/wp-content\/uploads\/2022\/03\/IMG_8848-300x204.jpg 300w, https:\/\/galeria17.org\/wp-content\/uploads\/2022\/03\/IMG_8848-200x136.jpg 200w\" sizes=\"auto, (max-width: 359px) 100vw, 359px\" \/><\/figure>\n\n\n\n<figure class=\"wp-block-image size-large\"><img loading=\"lazy\" decoding=\"async\" width=\"390\" height=\"260\" data-id=\"2978\" src=\"https:\/\/galeria17.org\/wp-content\/uploads\/2022\/03\/Croud-founding-Campaing-with-Oda-Haliti-and-Dardan-Hoti-11.08-2.jpg\" alt=\"\" class=\"wp-image-2978\" srcset=\"https:\/\/galeria17.org\/wp-content\/uploads\/2022\/03\/Croud-founding-Campaing-with-Oda-Haliti-and-Dardan-Hoti-11.08-2.jpg 390w, https:\/\/galeria17.org\/wp-content\/uploads\/2022\/03\/Croud-founding-Campaing-with-Oda-Haliti-and-Dardan-Hoti-11.08-2-300x200.jpg 300w, https:\/\/galeria17.org\/wp-content\/uploads\/2022\/03\/Croud-founding-Campaing-with-Oda-Haliti-and-Dardan-Hoti-11.08-2-200x133.jpg 200w, https:\/\/galeria17.org\/wp-content\/uploads\/2022\/03\/Croud-founding-Campaing-with-Oda-Haliti-and-Dardan-Hoti-11.08-2-380x253.jpg 380w\" sizes=\"auto, (max-width: 390px) 100vw, 390px\" \/><\/figure>\n\n\n\n<figure class=\"wp-block-image size-large\"><img loading=\"lazy\" decoding=\"async\" width=\"375\" height=\"250\" data-id=\"2980\" src=\"https:\/\/galeria17.org\/wp-content\/uploads\/2022\/03\/Croud-founding-Campaing-with-Oda-Haliti-and-Dardan-Hoti-11.08-9.jpg\" alt=\"\" class=\"wp-image-2980\" srcset=\"https:\/\/galeria17.org\/wp-content\/uploads\/2022\/03\/Croud-founding-Campaing-with-Oda-Haliti-and-Dardan-Hoti-11.08-9.jpg 375w, https:\/\/galeria17.org\/wp-content\/uploads\/2022\/03\/Croud-founding-Campaing-with-Oda-Haliti-and-Dardan-Hoti-11.08-9-300x200.jpg 300w, https:\/\/galeria17.org\/wp-content\/uploads\/2022\/03\/Croud-founding-Campaing-with-Oda-Haliti-and-Dardan-Hoti-11.08-9-200x133.jpg 200w\" sizes=\"auto, (max-width: 375px) 100vw, 375px\" \/><\/figure>\n\n\n\n<figure class=\"wp-block-image size-large\"><img loading=\"lazy\" decoding=\"async\" width=\"390\" height=\"260\" data-id=\"2982\" src=\"https:\/\/galeria17.org\/wp-content\/uploads\/2022\/03\/Croud-founding-Campaing-with-Oda-Haliti-and-Dardan-Hoti-11.08-5.jpg\" alt=\"\" class=\"wp-image-2982\" srcset=\"https:\/\/galeria17.org\/wp-content\/uploads\/2022\/03\/Croud-founding-Campaing-with-Oda-Haliti-and-Dardan-Hoti-11.08-5.jpg 390w, https:\/\/galeria17.org\/wp-content\/uploads\/2022\/03\/Croud-founding-Campaing-with-Oda-Haliti-and-Dardan-Hoti-11.08-5-300x200.jpg 300w, https:\/\/galeria17.org\/wp-content\/uploads\/2022\/03\/Croud-founding-Campaing-with-Oda-Haliti-and-Dardan-Hoti-11.08-5-200x133.jpg 200w, https:\/\/galeria17.org\/wp-content\/uploads\/2022\/03\/Croud-founding-Campaing-with-Oda-Haliti-and-Dardan-Hoti-11.08-5-380x253.jpg 380w\" sizes=\"auto, (max-width: 390px) 100vw, 390px\" \/><\/figure>\n<\/figure>\n","protected":false},"excerpt":{"rendered":"Shtat\u00ebmb\u00ebdhjet\u00eb to bring its gallery and mission to life, launched the fundraising campaign through KosovaIdeas. Thanks to the&hellip;\n","protected":false},"author":1,"featured_media":0,"parent":2682,"menu_order":6,"comment_status":"closed","ping_status":"closed","template":"page-leftnav-default.php","meta":{"wpupg_custom_link":[],"wpupg_custom_link_behaviour":[],"wpupg_custom_link_nofollow":[],"wpupg_custom_image":[],"wpupg_custom_image_id":[],"csco_display_header_overlay":false,"csco_page_header_type":"","csco_page_load_nextpost":"","csco_post_video_location":[],"csco_post_video_location_hash":"","csco_post_video_url":"","csco_post_video_bg_start_time":0,"csco_post_video_bg_end_time":0,"footnotes":""},"class_list":["post-2690","page","type-page","status-publish","cs-entry","cs-video-wrap"],"yoast_head":"<!-- This site is optimized with the Yoast SEO plugin v27.2 - https:\/\/yoast.com\/product\/yoast-seo-wordpress\/ -->\n<title>Gallery, Art and Community - galeria17<\/title>\n<meta name=\"robots\" content=\"index, follow, max-snippet:-1, max-image-preview:large, max-video-preview:-1\" \/>\n<link rel=\"canonical\" href=\"https:\/\/galeria17.org\/en\/galeria-17\/galeria-arti-dhe-komuniteti\/\" \/>\n<meta property=\"og:locale\" content=\"en_US\" \/>\n<meta property=\"og:type\" content=\"article\" \/>\n<meta property=\"og:title\" content=\"Gallery, Art and Community - galeria17\" \/>\n<meta property=\"og:description\" content=\"Shtat\u00ebmb\u00ebdhjet\u00eb to bring its gallery and mission to life, launched the fundraising campaign through KosovaIdeas. Thanks to the&hellip;\" \/>\n<meta property=\"og:url\" content=\"https:\/\/galeria17.org\/en\/galeria-17\/galeria-arti-dhe-komuniteti\/\" \/>\n<meta property=\"og:site_name\" content=\"galeria17\" \/>\n<meta property=\"article:modified_time\" content=\"2022-04-04T13:58:24+00:00\" \/>\n<meta property=\"og:image\" content=\"https:\/\/galeria17.org\/wp-content\/uploads\/2022\/03\/IMG_6439.jpg\" \/>\n<meta name=\"twitter:card\" content=\"summary_large_image\" \/>\n<meta name=\"twitter:label1\" content=\"Est. reading time\" \/>\n\t<meta name=\"twitter:data1\" content=\"2 minutes\" \/>\n<script type=\"application\/ld+json\" class=\"yoast-schema-graph\">{\"@context\":\"https:\/\/schema.org\",\"@graph\":[{\"@type\":\"WebPage\",\"@id\":\"https:\/\/galeria17.org\/en\/galeria-17\/galeria-arti-dhe-komuniteti\/\",\"url\":\"https:\/\/galeria17.org\/en\/galeria-17\/galeria-arti-dhe-komuniteti\/\",\"name\":\"Gallery, Art and Community - galeria17\",\"isPartOf\":{\"@id\":\"https:\/\/galeria17.org\/#website\"},\"primaryImageOfPage\":{\"@id\":\"https:\/\/galeria17.org\/en\/galeria-17\/galeria-arti-dhe-komuniteti\/#primaryimage\"},\"image\":{\"@id\":\"https:\/\/galeria17.org\/en\/galeria-17\/galeria-arti-dhe-komuniteti\/#primaryimage\"},\"thumbnailUrl\":\"https:\/\/galeria17.org\/wp-content\/uploads\/2022\/03\/IMG_6439.jpg\",\"datePublished\":\"2021-12-21T02:21:27+00:00\",\"dateModified\":\"2022-04-04T13:58:24+00:00\",\"breadcrumb\":{\"@id\":\"https:\/\/galeria17.org\/en\/galeria-17\/galeria-arti-dhe-komuniteti\/#breadcrumb\"},\"inLanguage\":\"en-US\",\"potentialAction\":[{\"@type\":\"ReadAction\",\"target\":[\"https:\/\/galeria17.org\/en\/galeria-17\/galeria-arti-dhe-komuniteti\/\"]}]},{\"@type\":\"ImageObject\",\"inLanguage\":\"en-US\",\"@id\":\"https:\/\/galeria17.org\/en\/galeria-17\/galeria-arti-dhe-komuniteti\/#primaryimage\",\"url\":\"https:\/\/galeria17.org\/wp-content\/uploads\/2022\/03\/IMG_6439.jpg\",\"contentUrl\":\"https:\/\/galeria17.org\/wp-content\/uploads\/2022\/03\/IMG_6439.jpg\"},{\"@type\":\"BreadcrumbList\",\"@id\":\"https:\/\/galeria17.org\/en\/galeria-17\/galeria-arti-dhe-komuniteti\/#breadcrumb\",\"itemListElement\":[{\"@type\":\"ListItem\",\"position\":1,\"name\":\"Home\",\"item\":\"https:\/\/galeria17.org\/en\/\"},{\"@type\":\"ListItem\",\"position\":2,\"name\":\"Galeria 17\",\"item\":\"https:\/\/galeria17.org\/en\/\"},{\"@type\":\"ListItem\",\"position\":3,\"name\":\"Gallery, Art and Community\"}]},{\"@type\":\"WebSite\",\"@id\":\"https:\/\/galeria17.org\/#website\",\"url\":\"https:\/\/galeria17.org\/\",\"name\":\"galeria17\",\"description\":\"asergsdhr sfth\",\"publisher\":{\"@id\":\"https:\/\/galeria17.org\/#organization\"},\"potentialAction\":[{\"@type\":\"SearchAction\",\"target\":{\"@type\":\"EntryPoint\",\"urlTemplate\":\"https:\/\/galeria17.org\/?s={search_term_string}\"},\"query-input\":{\"@type\":\"PropertyValueSpecification\",\"valueRequired\":true,\"valueName\":\"search_term_string\"}}],\"inLanguage\":\"en-US\"},{\"@type\":\"Organization\",\"@id\":\"https:\/\/galeria17.org\/#organization\",\"name\":\"galeria17\",\"url\":\"https:\/\/galeria17.org\/\",\"logo\":{\"@type\":\"ImageObject\",\"inLanguage\":\"en-US\",\"@id\":\"https:\/\/galeria17.org\/#\/schema\/logo\/image\/\",\"url\":\"https:\/\/galeria17.org\/wp-content\/uploads\/2022\/03\/257587484_116530374169255_2364083691283832243_n-1.jpg\",\"contentUrl\":\"https:\/\/galeria17.org\/wp-content\/uploads\/2022\/03\/257587484_116530374169255_2364083691283832243_n-1.jpg\",\"width\":856,\"height\":571,\"caption\":\"galeria17\"},\"image\":{\"@id\":\"https:\/\/galeria17.org\/#\/schema\/logo\/image\/\"}}]}<\/script>\n<!-- \/ Yoast SEO plugin. -->","yoast_head_json":{"title":"Gallery, Art and Community - galeria17","robots":{"index":"index","follow":"follow","max-snippet":"max-snippet:-1","max-image-preview":"max-image-preview:large","max-video-preview":"max-video-preview:-1"},"canonical":"https:\/\/galeria17.org\/en\/galeria-17\/galeria-arti-dhe-komuniteti\/","og_locale":"en_US","og_type":"article","og_title":"Gallery, Art and Community - galeria17","og_description":"Shtat\u00ebmb\u00ebdhjet\u00eb to bring its gallery and mission to life, launched the fundraising campaign through KosovaIdeas. Thanks to the&hellip;","og_url":"https:\/\/galeria17.org\/en\/galeria-17\/galeria-arti-dhe-komuniteti\/","og_site_name":"galeria17","article_modified_time":"2022-04-04T13:58:24+00:00","og_image":[{"url":"https:\/\/galeria17.org\/wp-content\/uploads\/2022\/03\/IMG_6439.jpg","type":"","width":"","height":""}],"twitter_card":"summary_large_image","twitter_misc":{"Est. reading time":"2 minutes"},"schema":{"@context":"https:\/\/schema.org","@graph":[{"@type":"WebPage","@id":"https:\/\/galeria17.org\/en\/galeria-17\/galeria-arti-dhe-komuniteti\/","url":"https:\/\/galeria17.org\/en\/galeria-17\/galeria-arti-dhe-komuniteti\/","name":"Gallery, Art and Community - galeria17","isPartOf":{"@id":"https:\/\/galeria17.org\/#website"},"primaryImageOfPage":{"@id":"https:\/\/galeria17.org\/en\/galeria-17\/galeria-arti-dhe-komuniteti\/#primaryimage"},"image":{"@id":"https:\/\/galeria17.org\/en\/galeria-17\/galeria-arti-dhe-komuniteti\/#primaryimage"},"thumbnailUrl":"https:\/\/galeria17.org\/wp-content\/uploads\/2022\/03\/IMG_6439.jpg","datePublished":"2021-12-21T02:21:27+00:00","dateModified":"2022-04-04T13:58:24+00:00","breadcrumb":{"@id":"https:\/\/galeria17.org\/en\/galeria-17\/galeria-arti-dhe-komuniteti\/#breadcrumb"},"inLanguage":"en-US","potentialAction":[{"@type":"ReadAction","target":["https:\/\/galeria17.org\/en\/galeria-17\/galeria-arti-dhe-komuniteti\/"]}]},{"@type":"ImageObject","inLanguage":"en-US","@id":"https:\/\/galeria17.org\/en\/galeria-17\/galeria-arti-dhe-komuniteti\/#primaryimage","url":"https:\/\/galeria17.org\/wp-content\/uploads\/2022\/03\/IMG_6439.jpg","contentUrl":"https:\/\/galeria17.org\/wp-content\/uploads\/2022\/03\/IMG_6439.jpg"},{"@type":"BreadcrumbList","@id":"https:\/\/galeria17.org\/en\/galeria-17\/galeria-arti-dhe-komuniteti\/#breadcrumb","itemListElement":[{"@type":"ListItem","position":1,"name":"Home","item":"https:\/\/galeria17.org\/en\/"},{"@type":"ListItem","position":2,"name":"Galeria 17","item":"https:\/\/galeria17.org\/en\/"},{"@type":"ListItem","position":3,"name":"Gallery, Art and Community"}]},{"@type":"WebSite","@id":"https:\/\/galeria17.org\/#website","url":"https:\/\/galeria17.org\/","name":"galeria17","description":"asergsdhr sfth","publisher":{"@id":"https:\/\/galeria17.org\/#organization"},"potentialAction":[{"@type":"SearchAction","target":{"@type":"EntryPoint","urlTemplate":"https:\/\/galeria17.org\/?s={search_term_string}"},"query-input":{"@type":"PropertyValueSpecification","valueRequired":true,"valueName":"search_term_string"}}],"inLanguage":"en-US"},{"@type":"Organization","@id":"https:\/\/galeria17.org\/#organization","name":"galeria17","url":"https:\/\/galeria17.org\/","logo":{"@type":"ImageObject","inLanguage":"en-US","@id":"https:\/\/galeria17.org\/#\/schema\/logo\/image\/","url":"https:\/\/galeria17.org\/wp-content\/uploads\/2022\/03\/257587484_116530374169255_2364083691283832243_n-1.jpg","contentUrl":"https:\/\/galeria17.org\/wp-content\/uploads\/2022\/03\/257587484_116530374169255_2364083691283832243_n-1.jpg","width":856,"height":571,"caption":"galeria17"},"image":{"@id":"https:\/\/galeria17.org\/#\/schema\/logo\/image\/"}}]}},"_links":{"self":[{"href":"https:\/\/galeria17.org\/en\/wp-json\/wp\/v2\/pages\/2690","targetHints":{"allow":["GET"]}}],"collection":[{"href":"https:\/\/galeria17.org\/en\/wp-json\/wp\/v2\/pages"}],"about":[{"href":"https:\/\/galeria17.org\/en\/wp-json\/wp\/v2\/types\/page"}],"author":[{"embeddable":true,"href":"https:\/\/galeria17.org\/en\/wp-json\/wp\/v2\/users\/1"}],"replies":[{"embeddable":true,"href":"https:\/\/galeria17.org\/en\/wp-json\/wp\/v2\/comments?post=2690"}],"version-history":[{"count":2,"href":"https:\/\/galeria17.org\/en\/wp-json\/wp\/v2\/pages\/2690\/revisions"}],"predecessor-version":[{"id":3352,"href":"https:\/\/galeria17.org\/en\/wp-json\/wp\/v2\/pages\/2690\/revisions\/3352"}],"up":[{"embeddable":true,"href":"https:\/\/galeria17.org\/en\/wp-json\/wp\/v2\/pages\/2682"}],"wp:attachment":[{"href":"https:\/\/galeria17.org\/en\/wp-json\/wp\/v2\/media?parent=2690"}],"curies":[{"name":"wp","href":"https:\/\/api.w.org\/{rel}","templated":true}]}}