{"id":2696,"date":"2022-02-08T13:55:53","date_gmt":"2022-02-08T13:55:53","guid":{"rendered":"http:\/\/galeria17.org\/?page_id=2696"},"modified":"2023-05-26T12:15:42","modified_gmt":"2023-05-26T12:15:42","slug":"partneret","status":"publish","type":"page","link":"https:\/\/galeria17.org\/en\/per-ne\/partneret\/","title":{"rendered":"Partners"},"content":{"rendered":"\n<p><strong>Friends<\/strong><strong>&nbsp;<\/strong><\/p>\n\n\n\n<p>Abi Shehu, Agim Balaj, Arbnor Karaliti, Artan Hajrullahu, Atdhe Mulla, Blerta Hashani, Brilant Milazimi, Brilant Pireva, Dardan Zhegrova, Dardan Hoti, Doruntina Kastrati, Dion Zeqiri, Doruntina Kastrati, Dren Maliqi, Driton Selmani, Ermir Zhinipotoku, Ferdi Limani, Fitore Berisha, Gerta Xhaferaj, Gres\u00eb Lahu, Haveit, Izet \u010cu\u010dulj, Jakup Ferri, Jetmir Idrizi, Klubi M, Laureta Hajrullahu, Lendita Zeqiraj, Lumturie Krasniqi, Mimoza Sahiti, Miran Mohar, Natalija Vujosevic,&nbsp; Neighbourhood community, Oda Haliti, Rozafa Maliqi, Rron Qena, Rudina Xhaferi, Urtina Hoxha, Valdrin Thaqi, Vigan Nimani.<\/p>\n\n\n\n<p><strong>Supporters<\/strong><\/p>\n\n\n\n<p>Swiss Cooperation Office, KosovaIdeas, Ministry of Culture, Youth and Sport, Municipality of Prishtina, Ipko Foundation, Kosovar Civil Society Foundation (KCSF), Heinrich-B\u00f6ll-Stiftung, forumZFD.<\/p>\n","protected":false},"excerpt":{"rendered":"Friends&nbsp; Abi Shehu, Agim Balaj, Arbnor Karaliti, Artan Hajrullahu, Atdhe Mulla, Blerta Hashani, Brilant Milazimi, Brilant Pireva, Dardan&hellip;\n","protected":false},"author":1,"featured_media":0,"parent":2692,"menu_order":4,"comment_status":"closed","ping_status":"closed","template":"page-leftnav-default.php","meta":{"wpupg_custom_link":[],"wpupg_custom_link_behaviour":[],"wpupg_custom_link_nofollow":[],"wpupg_custom_image":[],"wpupg_custom_image_id":[],"csco_display_header_overlay":false,"csco_page_header_type":"","csco_page_load_nextpost":"","csco_post_video_location":[],"csco_post_video_location_hash":"","csco_post_video_url":"","csco_post_video_bg_start_time":0,"csco_post_video_bg_end_time":0,"footnotes":""},"class_list":["post-2696","page","type-page","status-publish","cs-entry","cs-video-wrap"],"yoast_head":"<!-- This site is optimized with the Yoast SEO plugin v27.2 - https:\/\/yoast.com\/product\/yoast-seo-wordpress\/ -->\n<title>Partners - galeria17<\/title>\n<meta name=\"robots\" content=\"index, follow, max-snippet:-1, max-image-preview:large, max-video-preview:-1\" \/>\n<link rel=\"canonical\" href=\"https:\/\/galeria17.org\/en\/per-ne\/partneret\/\" \/>\n<meta property=\"og:locale\" content=\"en_US\" \/>\n<meta property=\"og:type\" content=\"article\" \/>\n<meta property=\"og:title\" content=\"Partners - galeria17\" \/>\n<meta property=\"og:description\" content=\"Friends&nbsp; Abi Shehu, Agim Balaj, Arbnor Karaliti, Artan Hajrullahu, Atdhe Mulla, Blerta Hashani, Brilant Milazimi, Brilant Pireva, Dardan&hellip;\" \/>\n<meta property=\"og:url\" content=\"https:\/\/galeria17.org\/en\/per-ne\/partneret\/\" \/>\n<meta property=\"og:site_name\" content=\"galeria17\" \/>\n<meta property=\"article:modified_time\" content=\"2023-05-26T12:15:42+00:00\" \/>\n<meta name=\"twitter:card\" content=\"summary_large_image\" \/>\n<meta name=\"twitter:label1\" content=\"Est. reading time\" \/>\n\t<meta name=\"twitter:data1\" content=\"1 minute\" \/>\n<script type=\"application\/ld+json\" class=\"yoast-schema-graph\">{\"@context\":\"https:\/\/schema.org\",\"@graph\":[{\"@type\":\"WebPage\",\"@id\":\"https:\/\/galeria17.org\/en\/per-ne\/partneret\/\",\"url\":\"https:\/\/galeria17.org\/en\/per-ne\/partneret\/\",\"name\":\"Partners - galeria17\",\"isPartOf\":{\"@id\":\"https:\/\/galeria17.org\/#website\"},\"datePublished\":\"2022-02-08T13:55:53+00:00\",\"dateModified\":\"2023-05-26T12:15:42+00:00\",\"breadcrumb\":{\"@id\":\"https:\/\/galeria17.org\/en\/per-ne\/partneret\/#breadcrumb\"},\"inLanguage\":\"en-US\",\"potentialAction\":[{\"@type\":\"ReadAction\",\"target\":[\"https:\/\/galeria17.org\/en\/per-ne\/partneret\/\"]}]},{\"@type\":\"BreadcrumbList\",\"@id\":\"https:\/\/galeria17.org\/en\/per-ne\/partneret\/#breadcrumb\",\"itemListElement\":[{\"@type\":\"ListItem\",\"position\":1,\"name\":\"Home\",\"item\":\"https:\/\/galeria17.org\/en\/\"},{\"@type\":\"ListItem\",\"position\":2,\"name\":\"About us\",\"item\":\"https:\/\/galeria17.org\/en\/per-ne\/\"},{\"@type\":\"ListItem\",\"position\":3,\"name\":\"Partners\"}]},{\"@type\":\"WebSite\",\"@id\":\"https:\/\/galeria17.org\/#website\",\"url\":\"https:\/\/galeria17.org\/\",\"name\":\"galeria17\",\"description\":\"asergsdhr sfth\",\"publisher\":{\"@id\":\"https:\/\/galeria17.org\/#organization\"},\"potentialAction\":[{\"@type\":\"SearchAction\",\"target\":{\"@type\":\"EntryPoint\",\"urlTemplate\":\"https:\/\/galeria17.org\/?s={search_term_string}\"},\"query-input\":{\"@type\":\"PropertyValueSpecification\",\"valueRequired\":true,\"valueName\":\"search_term_string\"}}],\"inLanguage\":\"en-US\"},{\"@type\":\"Organization\",\"@id\":\"https:\/\/galeria17.org\/#organization\",\"name\":\"galeria17\",\"url\":\"https:\/\/galeria17.org\/\",\"logo\":{\"@type\":\"ImageObject\",\"inLanguage\":\"en-US\",\"@id\":\"https:\/\/galeria17.org\/#\/schema\/logo\/image\/\",\"url\":\"https:\/\/galeria17.org\/wp-content\/uploads\/2022\/03\/257587484_116530374169255_2364083691283832243_n-1.jpg\",\"contentUrl\":\"https:\/\/galeria17.org\/wp-content\/uploads\/2022\/03\/257587484_116530374169255_2364083691283832243_n-1.jpg\",\"width\":856,\"height\":571,\"caption\":\"galeria17\"},\"image\":{\"@id\":\"https:\/\/galeria17.org\/#\/schema\/logo\/image\/\"}}]}<\/script>\n<!-- \/ Yoast SEO plugin. -->","yoast_head_json":{"title":"Partners - galeria17","robots":{"index":"index","follow":"follow","max-snippet":"max-snippet:-1","max-image-preview":"max-image-preview:large","max-video-preview":"max-video-preview:-1"},"canonical":"https:\/\/galeria17.org\/en\/per-ne\/partneret\/","og_locale":"en_US","og_type":"article","og_title":"Partners - galeria17","og_description":"Friends&nbsp; Abi Shehu, Agim Balaj, Arbnor Karaliti, Artan Hajrullahu, Atdhe Mulla, Blerta Hashani, Brilant Milazimi, Brilant Pireva, Dardan&hellip;","og_url":"https:\/\/galeria17.org\/en\/per-ne\/partneret\/","og_site_name":"galeria17","article_modified_time":"2023-05-26T12:15:42+00:00","twitter_card":"summary_large_image","twitter_misc":{"Est. reading time":"1 minute"},"schema":{"@context":"https:\/\/schema.org","@graph":[{"@type":"WebPage","@id":"https:\/\/galeria17.org\/en\/per-ne\/partneret\/","url":"https:\/\/galeria17.org\/en\/per-ne\/partneret\/","name":"Partners - galeria17","isPartOf":{"@id":"https:\/\/galeria17.org\/#website"},"datePublished":"2022-02-08T13:55:53+00:00","dateModified":"2023-05-26T12:15:42+00:00","breadcrumb":{"@id":"https:\/\/galeria17.org\/en\/per-ne\/partneret\/#breadcrumb"},"inLanguage":"en-US","potentialAction":[{"@type":"ReadAction","target":["https:\/\/galeria17.org\/en\/per-ne\/partneret\/"]}]},{"@type":"BreadcrumbList","@id":"https:\/\/galeria17.org\/en\/per-ne\/partneret\/#breadcrumb","itemListElement":[{"@type":"ListItem","position":1,"name":"Home","item":"https:\/\/galeria17.org\/en\/"},{"@type":"ListItem","position":2,"name":"About us","item":"https:\/\/galeria17.org\/en\/per-ne\/"},{"@type":"ListItem","position":3,"name":"Partners"}]},{"@type":"WebSite","@id":"https:\/\/galeria17.org\/#website","url":"https:\/\/galeria17.org\/","name":"galeria17","description":"asergsdhr sfth","publisher":{"@id":"https:\/\/galeria17.org\/#organization"},"potentialAction":[{"@type":"SearchAction","target":{"@type":"EntryPoint","urlTemplate":"https:\/\/galeria17.org\/?s={search_term_string}"},"query-input":{"@type":"PropertyValueSpecification","valueRequired":true,"valueName":"search_term_string"}}],"inLanguage":"en-US"},{"@type":"Organization","@id":"https:\/\/galeria17.org\/#organization","name":"galeria17","url":"https:\/\/galeria17.org\/","logo":{"@type":"ImageObject","inLanguage":"en-US","@id":"https:\/\/galeria17.org\/#\/schema\/logo\/image\/","url":"https:\/\/galeria17.org\/wp-content\/uploads\/2022\/03\/257587484_116530374169255_2364083691283832243_n-1.jpg","contentUrl":"https:\/\/galeria17.org\/wp-content\/uploads\/2022\/03\/257587484_116530374169255_2364083691283832243_n-1.jpg","width":856,"height":571,"caption":"galeria17"},"image":{"@id":"https:\/\/galeria17.org\/#\/schema\/logo\/image\/"}}]}},"_links":{"self":[{"href":"https:\/\/galeria17.org\/en\/wp-json\/wp\/v2\/pages\/2696","targetHints":{"allow":["GET"]}}],"collection":[{"href":"https:\/\/galeria17.org\/en\/wp-json\/wp\/v2\/pages"}],"about":[{"href":"https:\/\/galeria17.org\/en\/wp-json\/wp\/v2\/types\/page"}],"author":[{"embeddable":true,"href":"https:\/\/galeria17.org\/en\/wp-json\/wp\/v2\/users\/1"}],"replies":[{"embeddable":true,"href":"https:\/\/galeria17.org\/en\/wp-json\/wp\/v2\/comments?post=2696"}],"version-history":[{"count":6,"href":"https:\/\/galeria17.org\/en\/wp-json\/wp\/v2\/pages\/2696\/revisions"}],"predecessor-version":[{"id":4439,"href":"https:\/\/galeria17.org\/en\/wp-json\/wp\/v2\/pages\/2696\/revisions\/4439"}],"up":[{"embeddable":true,"href":"https:\/\/galeria17.org\/en\/wp-json\/wp\/v2\/pages\/2692"}],"wp:attachment":[{"href":"https:\/\/galeria17.org\/en\/wp-json\/wp\/v2\/media?parent=2696"}],"curies":[{"name":"wp","href":"https:\/\/api.w.org\/{rel}","templated":true}]}}